{"id":124,"date":"2014-07-04T10:34:09","date_gmt":"2014-07-04T08:34:09","guid":{"rendered":"http:\/\/physiotherapie-peuerbach.at\/?page_id=124"},"modified":"2014-07-11T12:02:27","modified_gmt":"2014-07-11T10:02:27","slug":"neurologie","status":"publish","type":"page","link":"https:\/\/physiotherapie-peuerbach.at\/?page_id=124","title":{"rendered":"Neurologie"},"content":{"rendered":"<div  class='flex_column av-av_two_fifth-2a9015ff38129c418a3f2eafba3e9512 av_two_fifth  avia-builder-el-0  el_before_av_three_fifth  avia-builder-el-first  first flex_column_div  '     ><style type=\"text\/css\" data-created_by=\"avia_inline_auto\" id=\"style-css-av-av_image-b56c9520ffb2ba266698e7eaaa9361d4\">\n.avia-image-container.av-av_image-b56c9520ffb2ba266698e7eaaa9361d4 img.avia_image{\nbox-shadow:none;\n}\n.avia-image-container.av-av_image-b56c9520ffb2ba266698e7eaaa9361d4 .av-image-caption-overlay-center{\ncolor:#ffffff;\n}\n<\/style>\n<div  class='avia-image-container av-av_image-b56c9520ffb2ba266698e7eaaa9361d4 av-styling- avia-align-center  avia-builder-el-1  avia-builder-el-no-sibling '   itemprop=\"image\" itemscope=\"itemscope\" itemtype=\"https:\/\/schema.org\/ImageObject\" ><div class=\"avia-image-container-inner\"><div class=\"avia-image-overlay-wrap\"><img decoding=\"async\" fetchpriority=\"high\" class='wp-image-36 avia-img-lazy-loading-not-36 avia_image ' src=\"https:\/\/physiotherapie-peuerbach.at\/wp-content\/uploads\/2014\/07\/20120211_ptp_410-1024x682.jpg\" alt='' title='Neurologie'  height=\"682\" width=\"1024\"  itemprop=\"thumbnailUrl\" srcset=\"https:\/\/physiotherapie-peuerbach.at\/wp-content\/uploads\/2014\/07\/20120211_ptp_410-1024x682.jpg 1024w, https:\/\/physiotherapie-peuerbach.at\/wp-content\/uploads\/2014\/07\/20120211_ptp_410-300x200.jpg 300w\" sizes=\"(max-width: 1024px) 100vw, 1024px\" \/><\/div><\/div><\/div><\/div><div  class='flex_column av-av_three_fifth-1c47c10d9dd6b9bc0b68f292c1cf5942 av_three_fifth  avia-builder-el-2  el_after_av_two_fifth  avia-builder-el-last  flex_column_div  '     ><section  class='av_textblock_section av-av_textblock-681fab0c2b6f1cf5a8726141282e5bbf '   itemscope=\"itemscope\" itemtype=\"https:\/\/schema.org\/CreativeWork\" ><div class='avia_textblock'  itemprop=\"text\" ><h2>Neurologie<\/h2>\n<p>Neurologische Erkrankungen wie zum Beispiel ein \u00adSchlaganfall, \u00adMultiple Sklerose oder Morbus Parkinson beeintr\u00e4chtigen die betroffene Person meist in allen Bereichen ihres Lebens. Neurophysiologische Behandlungsmethoden nach Bobath oder PNF werden individuell angewandt, um beispielsweise neue Muskelaktivit\u00e4t bei bestehenden L\u00e4hmungen anzubahnen und wieder gewonnene Bewegungsabl\u00e4ufe im Alltag zu integrieren. Das Ziel ist immer die bestm\u00f6gliche Funktion zu erreichen bzw. den Krankheitsverlauf positiv zu beeinflussen.<\/p>\n<\/div><\/section><\/div><\/p>\n","protected":false},"excerpt":{"rendered":"","protected":false},"author":2,"featured_media":0,"parent":93,"menu_order":3,"comment_status":"closed","ping_status":"closed","template":"","meta":{"footnotes":""},"class_list":["post-124","page","type-page","status-publish","hentry"],"_links":{"self":[{"href":"https:\/\/physiotherapie-peuerbach.at\/index.php?rest_route=\/wp\/v2\/pages\/124","targetHints":{"allow":["GET"]}}],"collection":[{"href":"https:\/\/physiotherapie-peuerbach.at\/index.php?rest_route=\/wp\/v2\/pages"}],"about":[{"href":"https:\/\/physiotherapie-peuerbach.at\/index.php?rest_route=\/wp\/v2\/types\/page"}],"author":[{"embeddable":true,"href":"https:\/\/physiotherapie-peuerbach.at\/index.php?rest_route=\/wp\/v2\/users\/2"}],"replies":[{"embeddable":true,"href":"https:\/\/physiotherapie-peuerbach.at\/index.php?rest_route=%2Fwp%2Fv2%2Fcomments&post=124"}],"version-history":[{"count":0,"href":"https:\/\/physiotherapie-peuerbach.at\/index.php?rest_route=\/wp\/v2\/pages\/124\/revisions"}],"up":[{"embeddable":true,"href":"https:\/\/physiotherapie-peuerbach.at\/index.php?rest_route=\/wp\/v2\/pages\/93"}],"wp:attachment":[{"href":"https:\/\/physiotherapie-peuerbach.at\/index.php?rest_route=%2Fwp%2Fv2%2Fmedia&parent=124"}],"curies":[{"name":"wp","href":"https:\/\/api.w.org\/{rel}","templated":true}]}}