{"id":95,"date":"2014-07-03T12:13:26","date_gmt":"2014-07-03T10:13:26","guid":{"rendered":"http:\/\/physiotherapie-peuerbach.at\/?page_id=95"},"modified":"2014-07-11T12:06:48","modified_gmt":"2014-07-11T10:06:48","slug":"orthopaedie","status":"publish","type":"page","link":"https:\/\/physiotherapie-peuerbach.at\/?page_id=95","title":{"rendered":"Orthop\u00e4die"},"content":{"rendered":"<div  class='flex_column av-av_two_fifth-2a9015ff38129c418a3f2eafba3e9512 av_two_fifth  avia-builder-el-0  el_before_av_three_fifth  avia-builder-el-first  first flex_column_div  '     ><style type=\"text\/css\" data-created_by=\"avia_inline_auto\" id=\"style-css-av-av_image-2b83212ee8b4ebfad160661044235506\">\n.avia-image-container.av-av_image-2b83212ee8b4ebfad160661044235506 img.avia_image{\nbox-shadow:none;\n}\n.avia-image-container.av-av_image-2b83212ee8b4ebfad160661044235506 .av-image-caption-overlay-center{\ncolor:#ffffff;\n}\n<\/style>\n<div  class='avia-image-container av-av_image-2b83212ee8b4ebfad160661044235506 av-styling- avia-align-center  avia-builder-el-1  avia-builder-el-no-sibling '   itemprop=\"image\" itemscope=\"itemscope\" itemtype=\"https:\/\/schema.org\/ImageObject\" ><div class=\"avia-image-container-inner\"><div class=\"avia-image-overlay-wrap\"><img decoding=\"async\" fetchpriority=\"high\" class='wp-image-33 avia-img-lazy-loading-not-33 avia_image ' src=\"https:\/\/physiotherapie-peuerbach.at\/wp-content\/uploads\/2014\/07\/20120211_ptp_325-1024x682.jpg\" alt='' title='Orthop\u00e4die'  height=\"682\" width=\"1024\"  itemprop=\"thumbnailUrl\" srcset=\"https:\/\/physiotherapie-peuerbach.at\/wp-content\/uploads\/2014\/07\/20120211_ptp_325-1024x682.jpg 1024w, https:\/\/physiotherapie-peuerbach.at\/wp-content\/uploads\/2014\/07\/20120211_ptp_325-300x200.jpg 300w\" sizes=\"(max-width: 1024px) 100vw, 1024px\" \/><\/div><\/div><\/div><\/div><div  class='flex_column av-av_three_fifth-1c47c10d9dd6b9bc0b68f292c1cf5942 av_three_fifth  avia-builder-el-2  el_after_av_two_fifth  avia-builder-el-last  flex_column_div  '     ><section  class='av_textblock_section av-av_textblock-681fab0c2b6f1cf5a8726141282e5bbf '   itemscope=\"itemscope\" itemtype=\"https:\/\/schema.org\/CreativeWork\" ><div class='avia_textblock'  itemprop=\"text\" ><h2>Orthop\u00e4die<\/h2>\n<p>Im Bereich der Orthop\u00e4die befasst sich die Physiotherapie mit degenerativen Problemen des Bewegungsapparates wie zum Beispiel Wirbels\u00e4ulenproblemen, Muskeldysbalancen oder Haltungssch\u00e4den. Zudem werden Bandscheibenprobleme, Probleme nach Gelenksersatz oder Athrosen behandelt. Doch auch die pr\u00e4ventive Behandlung und die richtige Arbeitsplatzgestaltung geh\u00f6ren zur orthop\u00e4dischen Physiotherapie.<\/p>\n<\/div><\/section><\/div><\/p>\n","protected":false},"excerpt":{"rendered":"","protected":false},"author":2,"featured_media":0,"parent":93,"menu_order":4,"comment_status":"closed","ping_status":"closed","template":"","meta":{"footnotes":""},"class_list":["post-95","page","type-page","status-publish","hentry"],"_links":{"self":[{"href":"https:\/\/physiotherapie-peuerbach.at\/index.php?rest_route=\/wp\/v2\/pages\/95","targetHints":{"allow":["GET"]}}],"collection":[{"href":"https:\/\/physiotherapie-peuerbach.at\/index.php?rest_route=\/wp\/v2\/pages"}],"about":[{"href":"https:\/\/physiotherapie-peuerbach.at\/index.php?rest_route=\/wp\/v2\/types\/page"}],"author":[{"embeddable":true,"href":"https:\/\/physiotherapie-peuerbach.at\/index.php?rest_route=\/wp\/v2\/users\/2"}],"replies":[{"embeddable":true,"href":"https:\/\/physiotherapie-peuerbach.at\/index.php?rest_route=%2Fwp%2Fv2%2Fcomments&post=95"}],"version-history":[{"count":0,"href":"https:\/\/physiotherapie-peuerbach.at\/index.php?rest_route=\/wp\/v2\/pages\/95\/revisions"}],"up":[{"embeddable":true,"href":"https:\/\/physiotherapie-peuerbach.at\/index.php?rest_route=\/wp\/v2\/pages\/93"}],"wp:attachment":[{"href":"https:\/\/physiotherapie-peuerbach.at\/index.php?rest_route=%2Fwp%2Fv2%2Fmedia&parent=95"}],"curies":[{"name":"wp","href":"https:\/\/api.w.org\/{rel}","templated":true}]}}